{"id":12579,"date":"2022-09-03T04:44:12","date_gmt":"2022-09-03T04:44:12","guid":{"rendered":"https:\/\/flujoapk.com\/?page_id=12579"},"modified":"2026-01-20T02:36:04","modified_gmt":"2026-01-20T07:36:04","slug":"metodos-de-pago","status":"publish","type":"page","link":"https:\/\/flujoapk.com\/en\/metodos-de-pago\/","title":{"rendered":"Payment methods"},"content":{"rendered":"<div data-elementor-type=\"wp-page\" data-elementor-id=\"12579\" class=\"elementor elementor-12579\">\n\t\t\t\t\t\t<section class=\"elementor-section elementor-top-section elementor-element elementor-element-6a2877a elementor-section-boxed elementor-section-height-default elementor-section-height-default\" data-id=\"6a2877a\" data-element_type=\"section\" data-e-type=\"section\">\n\t\t\t\t\t\t<div class=\"elementor-container elementor-column-gap-default\">\n\t\t\t\t\t<div class=\"elementor-column elementor-col-100 elementor-top-column elementor-element elementor-element-e34f93e\" data-id=\"e34f93e\" data-element_type=\"column\" data-e-type=\"column\">\n\t\t\t<div class=\"elementor-widget-wrap elementor-element-populated\">\n\t\t\t\t\t\t<div class=\"elementor-element elementor-element-cabb947 elementor-widget elementor-widget-heading\" data-id=\"cabb947\" data-element_type=\"widget\" data-e-type=\"widget\" data-widget_type=\"heading.default\">\n\t\t\t\t<div class=\"elementor-widget-container\">\n\t\t\t\t\t<h2 class=\"elementor-heading-title elementor-size-default\">Payment methods<\/h2>\t\t\t\t<\/div>\n\t\t\t\t<\/div>\n\t\t\t\t\t<\/div>\n\t\t<\/div>\n\t\t\t\t\t<\/div>\n\t\t<\/section>\n\t\t\t\t<section class=\"elementor-section elementor-top-section elementor-element elementor-element-47ee005 elementor-section-boxed elementor-section-height-default elementor-section-height-default\" data-id=\"47ee005\" data-element_type=\"section\" data-e-type=\"section\">\n\t\t\t\t\t\t<div class=\"elementor-container elementor-column-gap-default\">\n\t\t\t\t\t<div class=\"elementor-column elementor-col-100 elementor-top-column elementor-element elementor-element-b10c107\" data-id=\"b10c107\" data-element_type=\"column\" data-e-type=\"column\">\n\t\t\t<div class=\"elementor-widget-wrap elementor-element-populated\">\n\t\t\t\t\t\t<div class=\"elementor-element elementor-element-3ba0153 elementor-widget elementor-widget-image\" data-id=\"3ba0153\" data-element_type=\"widget\" data-e-type=\"widget\" data-widget_type=\"image.default\">\n\t\t\t\t<div class=\"elementor-widget-container\">\n\t\t\t\t\t\t\t\t\t\t\t\t\t\t\t<img fetchpriority=\"high\" decoding=\"async\" width=\"640\" height=\"259\" src=\"https:\/\/flujoapk.com\/wp-content\/uploads\/2021\/12\/TARJETAS.jpg\" class=\"attachment-large size-large wp-image-3221\" alt=\"Metodos De Pago\" srcset=\"https:\/\/flujoapk.com\/wp-content\/uploads\/2021\/12\/TARJETAS.jpg 1176w, https:\/\/flujoapk.com\/wp-content\/uploads\/2021\/12\/TARJETAS-600x242.jpg 600w\" sizes=\"(max-width: 640px) 100vw, 640px\" \/>\t\t\t\t\t\t\t\t\t\t\t\t\t\t\t<\/div>\n\t\t\t\t<\/div>\n\t\t\t\t\t<\/div>\n\t\t<\/div>\n\t\t\t\t\t<\/div>\n\t\t<\/section>\n\t\t\t\t<section class=\"elementor-section elementor-top-section elementor-element elementor-element-298c9a6 elementor-section-boxed elementor-section-height-default elementor-section-height-default\" data-id=\"298c9a6\" data-element_type=\"section\" data-e-type=\"section\">\n\t\t\t\t\t\t<div class=\"elementor-container elementor-column-gap-default\">\n\t\t\t\t\t<div class=\"elementor-column elementor-col-100 elementor-top-column elementor-element elementor-element-3509559\" data-id=\"3509559\" data-element_type=\"column\" data-e-type=\"column\">\n\t\t\t<div class=\"elementor-widget-wrap elementor-element-populated\">\n\t\t\t\t\t\t<div class=\"elementor-element elementor-element-8d5ecf4 elementor-align-center elementor-widget elementor-widget-button\" data-id=\"8d5ecf4\" data-element_type=\"widget\" data-e-type=\"widget\" data-widget_type=\"button.default\">\n\t\t\t\t<div class=\"elementor-widget-container\">\n\t\t\t\t\t\t\t\t\t<div class=\"elementor-button-wrapper\">\n\t\t\t\t\t<a class=\"elementor-button elementor-button-link elementor-size-sm\" href=\"https:\/\/acortar.link\/XxU5YR\" target=\"_blank\" rel=\"noopener\">\n\t\t\t\t\t\t<span class=\"elementor-button-content-wrapper\">\n\t\t\t\t\t\t\t\t\t<span class=\"elementor-button-text\">Pagos con Paypal Aqui<\/span>\n\t\t\t\t\t<\/span>\n\t\t\t\t\t<\/a>\n\t\t\t\t<\/div>\n\t\t\t\t\t\t\t\t<\/div>\n\t\t\t\t<\/div>\n\t\t\t\t\t<\/div>\n\t\t<\/div>\n\t\t\t\t\t<\/div>\n\t\t<\/section>\n\t\t\t\t<section class=\"elementor-section elementor-top-section elementor-element elementor-element-8236272 elementor-section-boxed elementor-section-height-default elementor-section-height-default\" data-id=\"8236272\" data-element_type=\"section\" data-e-type=\"section\">\n\t\t\t\t\t\t<div class=\"elementor-container elementor-column-gap-default\">\n\t\t\t\t\t<div class=\"elementor-column elementor-col-100 elementor-top-column elementor-element elementor-element-1ec17a6\" data-id=\"1ec17a6\" data-element_type=\"column\" data-e-type=\"column\">\n\t\t\t<div class=\"elementor-widget-wrap elementor-element-populated\">\n\t\t\t\t\t\t<div class=\"elementor-element elementor-element-903167b elementor-widget__width-initial elementor-widget elementor-widget-image\" data-id=\"903167b\" data-element_type=\"widget\" data-e-type=\"widget\" data-widget_type=\"image.default\">\n\t\t\t\t<div class=\"elementor-widget-container\">\n\t\t\t\t\t\t\t\t\t\t\t\t\t\t\t<img decoding=\"async\" width=\"300\" height=\"98\" src=\"https:\/\/flujoapk.com\/wp-content\/uploads\/2023\/05\/BINANCE-300x98.jpg\" class=\"attachment-medium size-medium wp-image-13300\" alt=\"\" srcset=\"https:\/\/flujoapk.com\/wp-content\/uploads\/2023\/05\/BINANCE-300x98.jpg 300w, https:\/\/flujoapk.com\/wp-content\/uploads\/2023\/05\/BINANCE-768x250.jpg 768w, https:\/\/flujoapk.com\/wp-content\/uploads\/2023\/05\/BINANCE-18x6.jpg 18w, https:\/\/flujoapk.com\/wp-content\/uploads\/2023\/05\/BINANCE-600x195.jpg 600w, https:\/\/flujoapk.com\/wp-content\/uploads\/2023\/05\/BINANCE.jpg 800w\" sizes=\"(max-width: 300px) 100vw, 300px\" \/>\t\t\t\t\t\t\t\t\t\t\t\t\t\t\t<\/div>\n\t\t\t\t<\/div>\n\t\t\t\t<div class=\"elementor-element elementor-element-413562e elementor-widget__width-initial elementor-widget elementor-widget-image\" data-id=\"413562e\" data-element_type=\"widget\" data-e-type=\"widget\" data-widget_type=\"image.default\">\n\t\t\t\t<div class=\"elementor-widget-container\">\n\t\t\t\t\t\t\t\t\t\t\t\t\t\t\t<img decoding=\"async\" width=\"300\" height=\"150\" src=\"https:\/\/flujoapk.com\/wp-content\/uploads\/2022\/09\/directoPagoLogo-300x150.png\" class=\"attachment-medium size-medium wp-image-12663\" alt=\"\" srcset=\"https:\/\/flujoapk.com\/wp-content\/uploads\/2022\/09\/directoPagoLogo-300x150.png 300w, https:\/\/flujoapk.com\/wp-content\/uploads\/2022\/09\/directoPagoLogo-1024x512.png 1024w, https:\/\/flujoapk.com\/wp-content\/uploads\/2022\/09\/directoPagoLogo-768x384.png 768w, https:\/\/flujoapk.com\/wp-content\/uploads\/2022\/09\/directoPagoLogo-1536x768.png 1536w, https:\/\/flujoapk.com\/wp-content\/uploads\/2022\/09\/directoPagoLogo-18x9.png 18w, https:\/\/flujoapk.com\/wp-content\/uploads\/2022\/09\/directoPagoLogo-600x300.png 600w, https:\/\/flujoapk.com\/wp-content\/uploads\/2022\/09\/directoPagoLogo.png 1875w\" sizes=\"(max-width: 300px) 100vw, 300px\" \/>\t\t\t\t\t\t\t\t\t\t\t\t\t\t\t<\/div>\n\t\t\t\t<\/div>\n\t\t\t\t<div class=\"elementor-element elementor-element-faf2eb6 elementor-widget__width-initial elementor-widget elementor-widget-image\" data-id=\"faf2eb6\" data-element_type=\"widget\" data-e-type=\"widget\" data-widget_type=\"image.default\">\n\t\t\t\t<div class=\"elementor-widget-container\">\n\t\t\t\t\t\t\t\t\t\t\t\t\t\t\t<img loading=\"lazy\" decoding=\"async\" width=\"600\" height=\"364\" src=\"https:\/\/flujoapk.com\/wp-content\/uploads\/2022\/09\/Directo-Pago-paises-1024x622-1-600x364.png\" class=\"attachment-woocommerce_single size-woocommerce_single wp-image-12580\" alt=\"Magis tv metodo de pago\" srcset=\"https:\/\/flujoapk.com\/wp-content\/uploads\/2022\/09\/Directo-Pago-paises-1024x622-1-600x364.png 600w, https:\/\/flujoapk.com\/wp-content\/uploads\/2022\/09\/Directo-Pago-paises-1024x622-1-300x182.png 300w, https:\/\/flujoapk.com\/wp-content\/uploads\/2022\/09\/Directo-Pago-paises-1024x622-1-768x467.png 768w, https:\/\/flujoapk.com\/wp-content\/uploads\/2022\/09\/Directo-Pago-paises-1024x622-1-18x12.png 18w, https:\/\/flujoapk.com\/wp-content\/uploads\/2022\/09\/Directo-Pago-paises-1024x622-1.png 1024w\" sizes=\"(max-width: 600px) 100vw, 600px\" \/>\t\t\t\t\t\t\t\t\t\t\t\t\t\t\t<\/div>\n\t\t\t\t<\/div>\n\t\t\t\t\t<\/div>\n\t\t<\/div>\n\t\t\t\t\t<\/div>\n\t\t<\/section>\n\t\t\t\t<section class=\"elementor-section elementor-top-section elementor-element elementor-element-3033ed0 elementor-section-boxed elementor-section-height-default elementor-section-height-default\" data-id=\"3033ed0\" data-element_type=\"section\" data-e-type=\"section\">\n\t\t\t\t\t\t<div class=\"elementor-container elementor-column-gap-default\">\n\t\t\t\t\t<div class=\"elementor-column elementor-col-100 elementor-top-column elementor-element elementor-element-f103273\" data-id=\"f103273\" data-element_type=\"column\" data-e-type=\"column\">\n\t\t\t<div class=\"elementor-widget-wrap elementor-element-populated\">\n\t\t\t\t\t\t<div class=\"elementor-element elementor-element-1a9c5cc elementor-widget elementor-widget-spacer\" data-id=\"1a9c5cc\" data-element_type=\"widget\" data-e-type=\"widget\" data-widget_type=\"spacer.default\">\n\t\t\t\t<div class=\"elementor-widget-container\">\n\t\t\t\t\t\t\t<div class=\"elementor-spacer\">\n\t\t\t<div class=\"elementor-spacer-inner\"><\/div>\n\t\t<\/div>\n\t\t\t\t\t\t<\/div>\n\t\t\t\t<\/div>\n\t\t\t\t\t<\/div>\n\t\t<\/div>\n\t\t\t\t\t<\/div>\n\t\t<\/section>\n\t\t\t\t<section class=\"elementor-section elementor-top-section elementor-element elementor-element-f8da90a elementor-section-boxed elementor-section-height-default elementor-section-height-default\" data-id=\"f8da90a\" data-element_type=\"section\" data-e-type=\"section\">\n\t\t\t\t\t\t<div class=\"elementor-container elementor-column-gap-default\">\n\t\t\t\t\t<div class=\"elementor-column elementor-col-33 elementor-top-column elementor-element elementor-element-04de3a5\" data-id=\"04de3a5\" data-element_type=\"column\" data-e-type=\"column\">\n\t\t\t<div class=\"elementor-widget-wrap elementor-element-populated\">\n\t\t\t\t\t\t<div class=\"elementor-element elementor-element-e29fcab elementor-widget elementor-widget-image\" data-id=\"e29fcab\" data-element_type=\"widget\" data-e-type=\"widget\" data-widget_type=\"image.default\">\n\t\t\t\t<div class=\"elementor-widget-container\">\n\t\t\t\t\t\t\t\t\t\t\t\t\t\t\t<img decoding=\"async\" src=\"https:\/\/flujoapk.com\/wp-content\/uploads\/2024\/10\/flujo.png\" title=\"Flujo Tv 6 M\u00e1s 1 Mes\" alt=\"Descarga apk flujo tv\" loading=\"lazy\" \/>\t\t\t\t\t\t\t\t\t\t\t\t\t\t\t<\/div>\n\t\t\t\t<\/div>\n\t\t\t\t\t<\/div>\n\t\t<\/div>\n\t\t\t\t<div class=\"elementor-column elementor-col-33 elementor-top-column elementor-element elementor-element-73f096d\" data-id=\"73f096d\" data-element_type=\"column\" data-e-type=\"column\">\n\t\t\t<div class=\"elementor-widget-wrap elementor-element-populated\">\n\t\t\t\t\t\t<div class=\"elementor-element elementor-element-51cb439 elementor-widget elementor-widget-text-editor\" data-id=\"51cb439\" data-element_type=\"widget\" data-e-type=\"widget\" data-widget_type=\"text-editor.default\">\n\t\t\t\t<div class=\"elementor-widget-container\">\n\t\t\t\t\t\t\t\t\t<p>\u00a0<\/p><p><a href=\"https:\/\/flujoapk.com\/en\/\">apkflujotv.com<\/a>\u00a0<span style=\"font-weight: var( --e-global-typography-text-font-weight ); color: #4d5156; font-family: arial, sans-serif; font-size: 14px;\">\u00a0\u00a9C<\/span><span style=\"font-weight: bold; color: #5f6368; font-family: arial, sans-serif; font-size: 14px;\">opyright 2022<\/span><\/p>\t\t\t\t\t\t\t\t<\/div>\n\t\t\t\t<\/div>\n\t\t\t\t\t<\/div>\n\t\t<\/div>\n\t\t\t\t<div class=\"elementor-column elementor-col-33 elementor-top-column elementor-element elementor-element-edac9c4\" data-id=\"edac9c4\" data-element_type=\"column\" data-e-type=\"column\">\n\t\t\t<div class=\"elementor-widget-wrap elementor-element-populated\">\n\t\t\t\t\t\t<div class=\"elementor-element elementor-element-5b2b4e6 elementor-nav-menu__align-center elementor-nav-menu--dropdown-tablet elementor-nav-menu__text-align-aside elementor-nav-menu--toggle elementor-nav-menu--burger elementor-widget elementor-widget-nav-menu\" data-id=\"5b2b4e6\" data-element_type=\"widget\" data-e-type=\"widget\" data-settings=\"{&quot;layout&quot;:&quot;horizontal&quot;,&quot;submenu_icon&quot;:{&quot;value&quot;:&quot;&lt;svg class=\\&quot;e-font-icon-svg e-fas-caret-down\\&quot; viewBox=\\&quot;0 0 320 512\\&quot; xmlns=\\&quot;http:\\\/\\\/www.w3.org\\\/2000\\\/svg\\&quot;&gt;&lt;path d=\\&quot;M31.3 192h257.3c17.8 0 26.7 21.5 14.1 34.1L174.1 354.8c-7.8 7.8-20.5 7.8-28.3 0L17.2 226.1C4.6 213.5 13.5 192 31.3 192z\\&quot;&gt;&lt;\\\/path&gt;&lt;\\\/svg&gt;&quot;,&quot;library&quot;:&quot;fa-solid&quot;},&quot;toggle&quot;:&quot;burger&quot;}\" data-widget_type=\"nav-menu.default\">\n\t\t\t\t<div class=\"elementor-widget-container\">\n\t\t\t\t\t\t\t\t<nav migration_allowed=\"1\" migrated=\"0\" role=\"navigation\" class=\"elementor-nav-menu--main elementor-nav-menu__container elementor-nav-menu--layout-horizontal e--pointer-underline e--animation-fade\">\n\t\t\t\t<ul id=\"menu-1-5b2b4e6\" class=\"elementor-nav-menu\"><li class=\"menu-item menu-item-type-custom menu-item-object-custom menu-item-156\"><a href=\"https:\/\/flujoapk.com\/en\/terminos-y-condiciones\/\" class=\"elementor-item\">Terms and Conditions<\/a><\/li>\n<\/ul>\t\t\t<\/nav>\n\t\t\t\t\t<div class=\"elementor-menu-toggle\" role=\"button\" tabindex=\"0\" aria-label=\"Menu Toggle\" aria-expanded=\"false\">\n\t\t\t<svg aria-hidden=\"true\" role=\"presentation\" class=\"elementor-menu-toggle__icon--open e-font-icon-svg e-eicon-menu-bar\" viewbox=\"0 0 1000 1000\" xmlns=\"http:\/\/www.w3.org\/2000\/svg\"><path d=\"M104 333H896C929 333 958 304 958 271S929 208 896 208H104C71 208 42 237 42 271S71 333 104 333ZM104 583H896C929 583 958 554 958 521S929 458 896 458H104C71 458 42 487 42 521S71 583 104 583ZM104 833H896C929 833 958 804 958 771S929 708 896 708H104C71 708 42 737 42 771S71 833 104 833Z\"><\/path><\/svg><svg aria-hidden=\"true\" role=\"presentation\" class=\"elementor-menu-toggle__icon--close e-font-icon-svg e-eicon-close\" viewbox=\"0 0 1000 1000\" xmlns=\"http:\/\/www.w3.org\/2000\/svg\"><path d=\"M742 167L500 408 258 167C246 154 233 150 217 150 196 150 179 158 167 167 154 179 150 196 150 212 150 229 154 242 171 254L408 500 167 742C138 771 138 800 167 829 196 858 225 858 254 829L496 587 738 829C750 842 767 846 783 846 800 846 817 842 829 829 842 817 846 804 846 783 846 767 842 750 829 737L588 500 833 258C863 229 863 200 833 171 804 137 775 137 742 167Z\"><\/path><\/svg>\t\t\t<span class=\"elementor-screen-only\">Menu<\/span>\n\t\t<\/div>\n\t\t\t<nav class=\"elementor-nav-menu--dropdown elementor-nav-menu__container\" role=\"navigation\" aria-hidden=\"true\">\n\t\t\t\t<ul id=\"menu-2-5b2b4e6\" class=\"elementor-nav-menu\"><li class=\"menu-item menu-item-type-custom menu-item-object-custom menu-item-156\"><a href=\"https:\/\/flujoapk.com\/en\/terminos-y-condiciones\/\" class=\"elementor-item\" tabindex=\"-1\">Terms and Conditions<\/a><\/li>\n<\/ul>\t\t\t<\/nav>\n\t\t\t\t\t\t<\/div>\n\t\t\t\t<\/div>\n\t\t\t\t\t<\/div>\n\t\t<\/div>\n\t\t\t\t\t<\/div>\n\t\t<\/section>\n\t\t\t\t<section class=\"elementor-section elementor-top-section elementor-element elementor-element-34d24e0 elementor-section-boxed elementor-section-height-default elementor-section-height-default\" data-id=\"34d24e0\" data-element_type=\"section\" data-e-type=\"section\">\n\t\t\t\t\t\t<div class=\"elementor-container elementor-column-gap-default\">\n\t\t\t\t\t<div class=\"elementor-column elementor-col-100 elementor-top-column elementor-element elementor-element-7654332\" data-id=\"7654332\" data-element_type=\"column\" data-e-type=\"column\">\n\t\t\t<div class=\"elementor-widget-wrap elementor-element-populated\">\n\t\t\t\t\t\t<div class=\"elementor-element elementor-element-88ee9d8 elementor-widget elementor-widget-text-editor\" data-id=\"88ee9d8\" data-element_type=\"widget\" data-e-type=\"widget\" data-widget_type=\"text-editor.default\">\n\t\t\t\t<div class=\"elementor-widget-container\">\n\t\t\t\t\t\t\t\t\t<p>DMCA: apkflujotv.com es un distribuidor externo y autorizado de servicios digitales de material de entretenci\u00f3n que suministra en su totalidad Flujo Tv, quienes cumplen con toda norma legal seg\u00fan el pa\u00eds de origen desde el cual distribuyen el servicio. apkflujotv.com no almacena ni sube en su sitio o servidor, cualquier archivo de v\u00eddeo, pel\u00edcula, archivo multimedia de ning\u00fan tipo o cualquier otro material protegido por derechos de autor. Flujo Tv y apkflujotv.com no poseen ni comercializan decodificadores de TV satelital de ning\u00fan tipo. apkflujotv.com cumple solo en calidad de distribuidor de servicio para el alcance de america. apkflujotv.com est\u00e1 de acuerdo con 17 USC \u00a7 512 y la Digital Millennium Copyright Act (\u201cDMCA\u201d). Es nuestra pol\u00edtica DERIVAR a Flujo Tv cualquier notificaci\u00f3n de infracci\u00f3n para que ellos tomen las acciones correspondientes bajo la Digital Millennium Copyright Act (\u201cDMCA\u201d) y otras leyes de propiedad intelectual aplicables. apkflujotv.com no es parte de Flujo Tv<\/p>\t\t\t\t\t\t\t\t<\/div>\n\t\t\t\t<\/div>\n\t\t\t\t\t<\/div>\n\t\t<\/div>\n\t\t\t\t\t<\/div>\n\t\t<\/section>\n\t\t\t\t<\/div>","protected":false},"excerpt":{"rendered":"<p>Metodos De Pago Pagos con Paypal Aqui \u00a0 apkflujotv.com\u00a0\u00a0\u00a9Copyright 2022 DMCA: apkflujotv.com es un distribuidor externo y autorizado de servicios digitales de material de entretenci\u00f3n que suministra en su totalidad Flujo Tv, quienes cumplen con toda norma legal seg\u00fan el pa\u00eds de origen desde el cual distribuyen el servicio. apkflujotv.com no almacena ni sube en<\/p>\n<div class=\"more-link\">\n\t\t\t\t <a href=\"https:\/\/flujoapk.com\/en\/metodos-de-pago\/\" class=\"btn theme-btn\"><span>Read More <\/span><\/a>\n\t\t\t<\/div>","protected":false},"author":1,"featured_media":0,"parent":0,"menu_order":0,"comment_status":"closed","ping_status":"closed","template":"","meta":{"footnotes":""},"class_list":["post-12579","page","type-page","status-publish","hentry"],"_links":{"self":[{"href":"https:\/\/flujoapk.com\/en\/wp-json\/wp\/v2\/pages\/12579","targetHints":{"allow":["GET"]}}],"collection":[{"href":"https:\/\/flujoapk.com\/en\/wp-json\/wp\/v2\/pages"}],"about":[{"href":"https:\/\/flujoapk.com\/en\/wp-json\/wp\/v2\/types\/page"}],"author":[{"embeddable":true,"href":"https:\/\/flujoapk.com\/en\/wp-json\/wp\/v2\/users\/1"}],"replies":[{"embeddable":true,"href":"https:\/\/flujoapk.com\/en\/wp-json\/wp\/v2\/comments?post=12579"}],"version-history":[{"count":16,"href":"https:\/\/flujoapk.com\/en\/wp-json\/wp\/v2\/pages\/12579\/revisions"}],"predecessor-version":[{"id":13937,"href":"https:\/\/flujoapk.com\/en\/wp-json\/wp\/v2\/pages\/12579\/revisions\/13937"}],"wp:attachment":[{"href":"https:\/\/flujoapk.com\/en\/wp-json\/wp\/v2\/media?parent=12579"}],"curies":[{"name":"wp","href":"https:\/\/api.w.org\/{rel}","templated":true}]}}